{"id":105,"date":"2020-10-14T12:19:59","date_gmt":"2020-10-14T12:19:59","guid":{"rendered":"https:\/\/demo.mysterythemes.com\/news-portal-elementor\/?page_id=105"},"modified":"2023-06-21T17:31:00","modified_gmt":"2023-06-21T20:31:00","slug":"elementor-home","status":"publish","type":"page","link":"https:\/\/noticias.dgs.ind.br\/","title":{"rendered":"Elementor Home"},"content":{"rendered":"\t\t<div data-elementor-type=\"wp-page\" data-elementor-id=\"105\" class=\"elementor elementor-105\">\n\t\t\t\t\t\t\t\t\t<section class=\"elementor-section elementor-top-section elementor-element elementor-element-3d1a5e8 elementor-section-full_width elementor-section-height-default elementor-section-height-default\" data-id=\"3d1a5e8\" data-element_type=\"section\">\n\t\t\t\t\t\t<div class=\"elementor-container elementor-column-gap-no\">\n\t\t\t\t\t<div class=\"elementor-column elementor-col-100 elementor-top-column elementor-element elementor-element-2ecd55a\" data-id=\"2ecd55a\" data-element_type=\"column\">\n\t\t\t<div class=\"elementor-widget-wrap elementor-element-populated\">\n\t\t\t\t\t\t\t\t<div class=\"elementor-element elementor-element-acf8e97 elementor-widget elementor-widget-ticker\" data-id=\"acf8e97\" data-element_type=\"widget\" data-widget_type=\"ticker.default\">\n\t\t\t\t<div class=\"elementor-widget-container\">\n\t\t\t        <div id=\"wpmagazine-modules-lite-ticker-block-acf8e97\" class=\"wpmagazine-modules-lite-ticker-block block-acf8e97 cvmm-block cvmm-block-ticker--layout-default\">\r\n            <div class=\"cvmm-ticker-wrapper\">\r\n    <span class=\"cvmm-ticker-caption\">\u00daltimas Not\u00edcias<\/span>        <div class=\"cvmm-ticker-content\"  data-duration=80000 data-direction=left data-start=1000>\r\n        <div class=\"cvmm-ticker-single-title\"><a href=\"https:\/\/noticias.dgs.ind.br\/?p=3027\" target=\"_blank\">Pol\u00edcia Militar do Maranh\u00e3o recebe DGS 680 RAPTOR<\/a><\/div><div class=\"cvmm-ticker-single-title\"><a href=\"https:\/\/noticias.dgs.ind.br\/?p=3022\" target=\"_blank\">DGS Defense entrega embarca\u00e7\u00e3o DGS 999 para IBAMA<\/a><\/div><div class=\"cvmm-ticker-single-title\"><a href=\"https:\/\/noticias.dgs.ind.br\/?p=3012\" target=\"_blank\">DGS Defense apresenta suas embarca\u00e7\u00f5es na LAAD 2023<\/a><\/div><div class=\"cvmm-ticker-single-title\"><a href=\"https:\/\/noticias.dgs.ind.br\/?p=2914\" target=\"_blank\">DGS entrega embarca\u00e7\u00e3o \u00e0 Pol\u00edcia Civil do Amap\u00e1<\/a><\/div><div class=\"cvmm-ticker-single-title\"><a href=\"https:\/\/noticias.dgs.ind.br\/?p=2825\" target=\"_blank\">DGS Defense recebe alunos do COESCI<\/a><\/div><div class=\"cvmm-ticker-single-title\"><a href=\"https:\/\/noticias.dgs.ind.br\/?p=2806\" target=\"_blank\">DGS 680: a embarca\u00e7\u00e3o ideal para qualquer miss\u00e3o<\/a><\/div>        <\/div><!-- .cvmm-ticker-content -->\r\n<\/div>        <\/div><!-- #wpmagazine-modules-lite-banner-block -->\r\n    \t\t<\/div>\n\t\t\t\t<\/div>\n\t\t\t\t<div class=\"elementor-element elementor-element-75a59db elementor-widget elementor-widget-post-block\" data-id=\"75a59db\" data-element_type=\"widget\" data-widget_type=\"post-block.default\">\n\t\t\t\t<div class=\"elementor-widget-container\">\n\t\t\t<div id=\"wpmagazine-modules-lite-post-block--block-75a59db\" class=\"wpmagazine-modules-lite-post-block--block block-75a59db cvmm-block cvmm-block-post-block--layout-two\">    <div class=\"cvmm-post-wrapper\">\r\n        <\/div><!-- #wpmagazine-modules-lite-post-block--block -->\t\t<\/div>\n\t\t\t\t<\/div>\n\t\t\t\t\t<\/div>\n\t\t<\/div>\n\t\t\t\t\t\t\t<\/div>\n\t\t<\/section>\n\t\t\t\t<section class=\"elementor-section elementor-top-section elementor-element elementor-element-09aa1e3 elementor-section-full_width elementor-section-height-default elementor-section-height-default\" data-id=\"09aa1e3\" data-element_type=\"section\">\n\t\t\t\t\t\t<div class=\"elementor-container elementor-column-gap-no\">\n\t\t\t\t\t<div class=\"elementor-column elementor-col-50 elementor-top-column elementor-element elementor-element-a96d6c9\" data-id=\"a96d6c9\" data-element_type=\"column\">\n\t\t\t<div class=\"elementor-widget-wrap elementor-element-populated\">\n\t\t\t\t\t\t\t\t<div class=\"elementor-element elementor-element-9297114 elementor-widget elementor-widget-post-grid\" data-id=\"9297114\" data-element_type=\"widget\" data-widget_type=\"post-grid.default\">\n\t\t\t\t<div class=\"elementor-widget-container\">\n\t\t\t<div id=\"wpmagazine-modules-lite-post-grid-block-9297114\" class=\"wpmagazine-modules-lite-post-grid-block block-9297114 cvmm-block cvmm-block-post-grid--layout-default\">    <div class=\"cvmm-post-wrapper cvmm-post--imagemargin column--two\">\r\n                        <article post-id=\"post-3027\" class=\"cvmm-post post-format--standard\" itemscope itemtype=\"http:\/\/schema.org\/articleBody\">\r\n                                                <div class=\"cvmm-post-thumb\">\r\n                                <a href=\"https:\/\/noticias.dgs.ind.br\/?p=3027\" target=\"_blank\"><img decoding=\"async\" src=\"https:\/\/noticias.dgs.ind.br\/wp-content\/uploads\/2023\/06\/680-Maranhao-Credito-Agencia-Assembleia.jpeg\" alt=\"Pol\u00edcia Militar do Maranh\u00e3o recebe DGS 680 RAPTOR\"\/><\/a>\r\n                            <\/div>\r\n                                                <h2 class=\"cvmm-post-title\">\r\n                                <a href=\"https:\/\/noticias.dgs.ind.br\/?p=3027\" target=\"_blank\">\r\n                                    Pol\u00edcia Militar do Maranh\u00e3o recebe DGS 680 RAPTOR                                <\/a>\r\n                            <\/h2>\r\n                    \r\n                    <div class=\"cvmm-post-meta cvmm-meta-icon-hide\">\r\n                        <span class=\"cvmm-post-date cvmm-post-meta-item\" itemprop=\"datePublished\"><a href=\"https:\/\/noticias.dgs.ind.br\/?p=3027\" target=\"_blank\">20 de June de 2023<\/a><\/span>                    <\/div>\r\n                    <div class=\"cvmm-post-content\" itemprop=\"description\">No dia 29 de maio, por meio da Empresa Maranhense de Administra\u00e7\u00e3o P\u00fablica (EMAP), o&hellip;<\/div>                <\/article>\r\n                        <article post-id=\"post-3022\" class=\"cvmm-post post-format--standard\" itemscope itemtype=\"http:\/\/schema.org\/articleBody\">\r\n                                                <div class=\"cvmm-post-thumb\">\r\n                                <a href=\"https:\/\/noticias.dgs.ind.br\/?p=3022\" target=\"_blank\"><img decoding=\"async\" src=\"https:\/\/noticias.dgs.ind.br\/wp-content\/uploads\/2023\/06\/20230328_120230-2.jpg\" alt=\"DGS Defense entrega embarca\u00e7\u00e3o DGS 999 para IBAMA\"\/><\/a>\r\n                            <\/div>\r\n                                                <h2 class=\"cvmm-post-title\">\r\n                                <a href=\"https:\/\/noticias.dgs.ind.br\/?p=3022\" target=\"_blank\">\r\n                                    DGS Defense entrega embarca\u00e7\u00e3o DGS 999 para IBAMA                                <\/a>\r\n                            <\/h2>\r\n                    \r\n                    <div class=\"cvmm-post-meta cvmm-meta-icon-hide\">\r\n                        <span class=\"cvmm-post-date cvmm-post-meta-item\" itemprop=\"datePublished\"><a href=\"https:\/\/noticias.dgs.ind.br\/?p=3022\" target=\"_blank\">20 de June de 2023<\/a><\/span>                    <\/div>\r\n                    <div class=\"cvmm-post-content\" itemprop=\"description\">No dia 18\/04, o estaleiro DGS entregou uma embarca\u00e7\u00e3o DGS 999 com cabine para a&hellip;<\/div>                <\/article>\r\n                        <article post-id=\"post-3012\" class=\"cvmm-post post-format--standard\" itemscope itemtype=\"http:\/\/schema.org\/articleBody\">\r\n                                                <div class=\"cvmm-post-thumb\">\r\n                                <a href=\"https:\/\/noticias.dgs.ind.br\/?p=3012\" target=\"_blank\"><img decoding=\"async\" src=\"https:\/\/noticias.dgs.ind.br\/wp-content\/uploads\/2023\/04\/dgs-defense-laad-2023-scaled.jpg\" alt=\"DGS Defense apresenta suas embarca\u00e7\u00f5es na LAAD 2023\"\/><\/a>\r\n                            <\/div>\r\n                                                <h2 class=\"cvmm-post-title\">\r\n                                <a href=\"https:\/\/noticias.dgs.ind.br\/?p=3012\" target=\"_blank\">\r\n                                    DGS Defense apresenta suas embarca\u00e7\u00f5es na LAAD 2023                                <\/a>\r\n                            <\/h2>\r\n                    \r\n                    <div class=\"cvmm-post-meta cvmm-meta-icon-hide\">\r\n                        <span class=\"cvmm-post-date cvmm-post-meta-item\" itemprop=\"datePublished\"><a href=\"https:\/\/noticias.dgs.ind.br\/?p=3012\" target=\"_blank\">13 de April de 2023<\/a><\/span>                    <\/div>\r\n                    <div class=\"cvmm-post-content\" itemprop=\"description\">A DGS estar\u00e1 presente na 13\u00aa edi\u00e7\u00e3o da LAAD Defence &amp; Security, maior feira de&hellip;<\/div>                <\/article>\r\n                        <article post-id=\"post-2914\" class=\"cvmm-post post-format--standard\" itemscope itemtype=\"http:\/\/schema.org\/articleBody\">\r\n                                                <div class=\"cvmm-post-thumb\">\r\n                                <a href=\"https:\/\/noticias.dgs.ind.br\/?p=2914\" target=\"_blank\"><img decoding=\"async\" src=\"https:\/\/noticias.dgs.ind.br\/wp-content\/uploads\/2022\/11\/20221121_135405-scaled-1.jpg\" alt=\"DGS entrega embarca\u00e7\u00e3o \u00e0 Pol\u00edcia Civil do Amap\u00e1\"\/><\/a>\r\n                            <\/div>\r\n                                                <h2 class=\"cvmm-post-title\">\r\n                                <a href=\"https:\/\/noticias.dgs.ind.br\/?p=2914\" target=\"_blank\">\r\n                                    DGS entrega embarca\u00e7\u00e3o \u00e0 Pol\u00edcia Civil do Amap\u00e1                                <\/a>\r\n                            <\/h2>\r\n                    \r\n                    <div class=\"cvmm-post-meta cvmm-meta-icon-hide\">\r\n                        <span class=\"cvmm-post-date cvmm-post-meta-item\" itemprop=\"datePublished\"><a href=\"https:\/\/noticias.dgs.ind.br\/?p=2914\" target=\"_blank\">25 de November de 2022<\/a><\/span>                    <\/div>\r\n                    <div class=\"cvmm-post-content\" itemprop=\"description\">Nesta segunda-feira (21\/11), foi realizada a entrega t\u00e9cnica da embarca\u00e7\u00e3o DGS 600 para a Pol\u00edcia&hellip;<\/div>                <\/article>\r\n                        <article post-id=\"post-2825\" class=\"cvmm-post post-format--standard\" itemscope itemtype=\"http:\/\/schema.org\/articleBody\">\r\n                                                <div class=\"cvmm-post-thumb\">\r\n                                <a href=\"https:\/\/noticias.dgs.ind.br\/?p=2825\" target=\"_blank\"><img decoding=\"async\" src=\"https:\/\/noticias.dgs.ind.br\/wp-content\/uploads\/2022\/11\/20221027_104653-1-scaled-1.jpg\" alt=\"DGS Defense recebe alunos do COESCI\"\/><\/a>\r\n                            <\/div>\r\n                                                <h2 class=\"cvmm-post-title\">\r\n                                <a href=\"https:\/\/noticias.dgs.ind.br\/?p=2825\" target=\"_blank\">\r\n                                    DGS Defense recebe alunos do COESCI                                <\/a>\r\n                            <\/h2>\r\n                    \r\n                    <div class=\"cvmm-post-meta cvmm-meta-icon-hide\">\r\n                        <span class=\"cvmm-post-date cvmm-post-meta-item\" itemprop=\"datePublished\"><a href=\"https:\/\/noticias.dgs.ind.br\/?p=2825\" target=\"_blank\">7 de November de 2022<\/a><\/span>                    <\/div>\r\n                    <div class=\"cvmm-post-content\" itemprop=\"description\">Na quinta-feira (27\/10) e sexta-feira (04\/11), a DGS recebeu as visitas dos alunos da 4\u00aa&hellip;<\/div>                <\/article>\r\n                        <article post-id=\"post-2806\" class=\"cvmm-post post-format--standard\" itemscope itemtype=\"http:\/\/schema.org\/articleBody\">\r\n                                                <div class=\"cvmm-post-thumb\">\r\n                                <a href=\"https:\/\/noticias.dgs.ind.br\/?p=2806\" target=\"_blank\"><img decoding=\"async\" src=\"https:\/\/noticias.dgs.ind.br\/wp-content\/uploads\/2022\/11\/IMG-20220607-WA0020.jpg\" alt=\"DGS 680: a embarca\u00e7\u00e3o ideal para qualquer miss\u00e3o\"\/><\/a>\r\n                            <\/div>\r\n                                                <h2 class=\"cvmm-post-title\">\r\n                                <a href=\"https:\/\/noticias.dgs.ind.br\/?p=2806\" target=\"_blank\">\r\n                                    DGS 680: a embarca\u00e7\u00e3o ideal para qualquer miss\u00e3o                                <\/a>\r\n                            <\/h2>\r\n                    \r\n                    <div class=\"cvmm-post-meta cvmm-meta-icon-hide\">\r\n                        <span class=\"cvmm-post-date cvmm-post-meta-item\" itemprop=\"datePublished\"><a href=\"https:\/\/noticias.dgs.ind.br\/?p=2806\" target=\"_blank\">4 de November de 2022<\/a><\/span>                    <\/div>\r\n                    <div class=\"cvmm-post-content\" itemprop=\"description\">Como tudo come\u00e7ou: Alcan\u00e7ar o n\u00edvel de excel\u00eancia na produ\u00e7\u00e3o de uma embarca\u00e7\u00e3o n\u00e3o \u00e9&hellip;<\/div>                <\/article>\r\n            <\/div><\/div><!-- #wpmagazine-modules-lite-post-grid-block -->\t\t<\/div>\n\t\t\t\t<\/div>\n\t\t\t\t\t<\/div>\n\t\t<\/div>\n\t\t\t\t<div class=\"elementor-column elementor-col-50 elementor-top-column elementor-element elementor-element-ec6cc49\" data-id=\"ec6cc49\" data-element_type=\"column\">\n\t\t\t<div class=\"elementor-widget-wrap elementor-element-populated\">\n\t\t\t\t\t\t\t\t<div class=\"elementor-element elementor-element-9e94ba9 elementor-widget elementor-widget-post-list\" data-id=\"9e94ba9\" data-element_type=\"widget\" data-widget_type=\"post-list.default\">\n\t\t\t\t<div class=\"elementor-widget-container\">\n\t\t\t<div id=\"wpmagazine-modules-lite-post-list-block-9e94ba9\" class=\"wpmagazine-modules-lite-post-list-block block-9e94ba9 cvmm-block cvmm-block-post-list--layout-default\"><h2 class=\"cvmm-block-title layout--one\"><span>Trending<\/span><\/h2>    <div class=\"cvmm-post-wrapper cvmm-post--imagemargin column--one\">\r\n        <\/div><!-- #wpmagazine-modules-lite-post-list-block -->\t\t<\/div>\n\t\t\t\t<\/div>\n\t\t\t\t\t<\/div>\n\t\t<\/div>\n\t\t\t\t\t\t\t<\/div>\n\t\t<\/section>\n\t\t\t\t\t\t\t<\/div>\n\t\t","protected":false},"excerpt":{"rendered":"<p>\u00daltimas Not\u00edcias Pol\u00edcia Militar do Maranh\u00e3o recebe DGS 680 RAPTORDGS Defense entrega embarca\u00e7\u00e3o DGS 999 para IBAMADGS Defense apresenta suas embarca\u00e7\u00f5es na LAAD 2023DGS entrega embarca\u00e7\u00e3o \u00e0 Pol\u00edcia Civil do Amap\u00e1DGS Defense recebe alunos do COESCIDGS 680: a embarca\u00e7\u00e3o ideal para qualquer miss\u00e3o Pol\u00edcia Militar do Maranh\u00e3o recebe DGS 680 RAPTOR 20 de junho de [&hellip;]<\/p>\n","protected":false},"author":1,"featured_media":0,"parent":0,"menu_order":0,"comment_status":"closed","ping_status":"closed","template":"elementor_header_footer","meta":{"footnotes":""},"class_list":["post-105","page","type-page","status-publish","hentry"],"wpmagazine_modules_lite_featured_media_urls":{"thumbnail":"","cvmm-medium":"","cvmm-medium-plus":"","cvmm-portrait":"","cvmm-medium-square":"","cvmm-large":"","cvmm-small":"","full":""},"categories_names":null,"comments_number":"0","_links":{"self":[{"href":"https:\/\/noticias.dgs.ind.br\/index.php?rest_route=\/wp\/v2\/pages\/105","targetHints":{"allow":["GET"]}}],"collection":[{"href":"https:\/\/noticias.dgs.ind.br\/index.php?rest_route=\/wp\/v2\/pages"}],"about":[{"href":"https:\/\/noticias.dgs.ind.br\/index.php?rest_route=\/wp\/v2\/types\/page"}],"author":[{"embeddable":true,"href":"https:\/\/noticias.dgs.ind.br\/index.php?rest_route=\/wp\/v2\/users\/1"}],"replies":[{"embeddable":true,"href":"https:\/\/noticias.dgs.ind.br\/index.php?rest_route=%2Fwp%2Fv2%2Fcomments&post=105"}],"version-history":[{"count":15,"href":"https:\/\/noticias.dgs.ind.br\/index.php?rest_route=\/wp\/v2\/pages\/105\/revisions"}],"predecessor-version":[{"id":3039,"href":"https:\/\/noticias.dgs.ind.br\/index.php?rest_route=\/wp\/v2\/pages\/105\/revisions\/3039"}],"wp:attachment":[{"href":"https:\/\/noticias.dgs.ind.br\/index.php?rest_route=%2Fwp%2Fv2%2Fmedia&parent=105"}],"curies":[{"name":"wp","href":"https:\/\/api.w.org\/{rel}","templated":true}]}}